{"id":86,"date":"2020-05-07T00:29:28","date_gmt":"2020-05-07T00:29:28","guid":{"rendered":"http:\/\/globalmundi.com.br\/?page_id=86"},"modified":"2020-05-12T16:20:15","modified_gmt":"2020-05-12T16:20:15","slug":"restaurantes","status":"publish","type":"page","link":"https:\/\/globalmundi.com.br\/index.php\/restaurantes\/","title":{"rendered":"Restaurantes"},"content":{"rendered":"\n<p>Refei\u00e7\u00f5es e realiza\u00e7\u00e3o de eventos em restaurantes de alta gastronomia em &nbsp;todo o Brasil, com diversas op\u00e7\u00f5es de culin\u00e1ria, como : churrascarias, asi\u00e1ticos, contempor\u00e2neos, franceses, italianos, portugueses, mexicanos e contempor\u00e2neos. Al\u00e9m de famosos e grandes restaurantes, contamos tamb\u00e9m com restaurantes de culin\u00e1ria t\u00edpica de cada regi\u00e3o do Brasil, cada uma com uma especialidade. A Global Mundi oferece op\u00e7\u00f5es de sabor voltados para os mais variados gostos. <\/p>\n\n\n\n<p>Consulte-nos para adicionar nossas op\u00e7\u00f5es aos seus roteiros!\u200b<\/p>\n","protected":false},"excerpt":{"rendered":"<p>Refei\u00e7\u00f5es e realiza\u00e7\u00e3o de eventos em restaurantes de alta gastronomia em &nbsp;todo o Brasil, com diversas op\u00e7\u00f5es de culin\u00e1ria, como : churrascarias, asi\u00e1ticos, contempor\u00e2neos, franceses, italianos, portugueses, mexicanos e contempor\u00e2neos. Al\u00e9m de famosos e grandes restaurantes, contamos tamb\u00e9m com restaurantes de culin\u00e1ria t\u00edpica de cada regi\u00e3o do Brasil, cada uma&hellip;<\/p>\n","protected":false},"author":1,"featured_media":179,"parent":0,"menu_order":0,"comment_status":"closed","ping_status":"closed","template":"","meta":{"footnotes":""},"class_list":["post-86","page","type-page","status-publish","has-post-thumbnail","hentry"],"_links":{"self":[{"href":"https:\/\/globalmundi.com.br\/index.php\/wp-json\/wp\/v2\/pages\/86","targetHints":{"allow":["GET"]}}],"collection":[{"href":"https:\/\/globalmundi.com.br\/index.php\/wp-json\/wp\/v2\/pages"}],"about":[{"href":"https:\/\/globalmundi.com.br\/index.php\/wp-json\/wp\/v2\/types\/page"}],"author":[{"embeddable":true,"href":"https:\/\/globalmundi.com.br\/index.php\/wp-json\/wp\/v2\/users\/1"}],"replies":[{"embeddable":true,"href":"https:\/\/globalmundi.com.br\/index.php\/wp-json\/wp\/v2\/comments?post=86"}],"version-history":[{"count":3,"href":"https:\/\/globalmundi.com.br\/index.php\/wp-json\/wp\/v2\/pages\/86\/revisions"}],"predecessor-version":[{"id":180,"href":"https:\/\/globalmundi.com.br\/index.php\/wp-json\/wp\/v2\/pages\/86\/revisions\/180"}],"wp:featuredmedia":[{"embeddable":true,"href":"https:\/\/globalmundi.com.br\/index.php\/wp-json\/wp\/v2\/media\/179"}],"wp:attachment":[{"href":"https:\/\/globalmundi.com.br\/index.php\/wp-json\/wp\/v2\/media?parent=86"}],"curies":[{"name":"wp","href":"https:\/\/api.w.org\/{rel}","templated":true}]}}