{"id":85,"date":"2020-05-07T00:29:28","date_gmt":"2020-05-07T00:29:28","guid":{"rendered":"http:\/\/globalmundi.com.br\/?page_id=85"},"modified":"2020-05-12T16:19:31","modified_gmt":"2020-05-12T16:19:31","slug":"ingressos","status":"publish","type":"page","link":"https:\/\/globalmundi.com.br\/index.php\/ingressos\/","title":{"rendered":"Ingressos"},"content":{"rendered":"\n<p>S\u00e3o muitas as op\u00e7\u00f5es culturais que as cidades oferecem. Para que a opera\u00e7\u00e3o das viagens se torne ainda mais completa, oferecemos ingressos de atrativos tur\u00edsticos, igrejas, museus, shows, concertos, espet\u00e1culos musicais e teatrais, eventos esportivos, manifesta\u00e7\u00f5es culturais e diversos outros tipos. Inclua as op\u00e7\u00f5es da Global Mundi para complementar as viagens!<\/p>\n\n\n\n<p>Verifique as op\u00e7\u00f5es dispon\u00edveis com a nossa equipe!<\/p>\n","protected":false},"excerpt":{"rendered":"<p>S\u00e3o muitas as op\u00e7\u00f5es culturais que as cidades oferecem. Para que a opera\u00e7\u00e3o das viagens se torne ainda mais completa, oferecemos ingressos de atrativos tur\u00edsticos, igrejas, museus, shows, concertos, espet\u00e1culos musicais e teatrais, eventos esportivos, manifesta\u00e7\u00f5es culturais e diversos outros tipos. Inclua as op\u00e7\u00f5es da Global Mundi para complementar as&hellip;<\/p>\n","protected":false},"author":1,"featured_media":178,"parent":0,"menu_order":0,"comment_status":"closed","ping_status":"closed","template":"","meta":{"footnotes":""},"class_list":["post-85","page","type-page","status-publish","has-post-thumbnail","hentry"],"_links":{"self":[{"href":"https:\/\/globalmundi.com.br\/index.php\/wp-json\/wp\/v2\/pages\/85","targetHints":{"allow":["GET"]}}],"collection":[{"href":"https:\/\/globalmundi.com.br\/index.php\/wp-json\/wp\/v2\/pages"}],"about":[{"href":"https:\/\/globalmundi.com.br\/index.php\/wp-json\/wp\/v2\/types\/page"}],"author":[{"embeddable":true,"href":"https:\/\/globalmundi.com.br\/index.php\/wp-json\/wp\/v2\/users\/1"}],"replies":[{"embeddable":true,"href":"https:\/\/globalmundi.com.br\/index.php\/wp-json\/wp\/v2\/comments?post=85"}],"version-history":[{"count":2,"href":"https:\/\/globalmundi.com.br\/index.php\/wp-json\/wp\/v2\/pages\/85\/revisions"}],"predecessor-version":[{"id":174,"href":"https:\/\/globalmundi.com.br\/index.php\/wp-json\/wp\/v2\/pages\/85\/revisions\/174"}],"wp:featuredmedia":[{"embeddable":true,"href":"https:\/\/globalmundi.com.br\/index.php\/wp-json\/wp\/v2\/media\/178"}],"wp:attachment":[{"href":"https:\/\/globalmundi.com.br\/index.php\/wp-json\/wp\/v2\/media?parent=85"}],"curies":[{"name":"wp","href":"https:\/\/api.w.org\/{rel}","templated":true}]}}