{"id":84,"date":"2020-05-07T00:29:28","date_gmt":"2020-05-07T00:29:28","guid":{"rendered":"http:\/\/globalmundi.com.br\/?page_id=84"},"modified":"2020-05-12T15:55:56","modified_gmt":"2020-05-12T15:55:56","slug":"seguros-de-viagens","status":"publish","type":"page","link":"https:\/\/globalmundi.com.br\/index.php\/seguros-de-viagens\/","title":{"rendered":"Seguros de Viagens"},"content":{"rendered":"\n<p>\u00c9 essencial contar com uma seguran\u00e7a adicional nas viagens. Seja a lazer, neg\u00f3cios, estudos, aventura, cruzeiros ou demais finalidades, temos seguros que oferecem amplas coberturas de assist\u00eancia. Com atendimento 24 horas todos os dias do ano, somos capazes de atender \u00e0s mais diversas eventualidades para proporcionar uma viagem mais segura e sem complica\u00e7\u00f5es. Al\u00e9m de enfermidades ou acidentes, tamb\u00e9m contamos com seguro de extravio de bagagens, cancelamento de viagem, acidentes pessoais e diversos outros servi\u00e7os para que a viagem transcorra com tranquilidade, com m\u00ednimos custos. Atrav\u00e9s do atendimento da cia de seguros e do suporte operacional da Global Mundi, nossos passageiros recebem todas as orienta\u00e7\u00f5es necess\u00e1rias para contar com as coberturas estabelecidas em cada tipo seguro.<\/p>\n\n\n\n<p>Utilize nosso atendimento para consultar os produtos e tarifas mais adequadas a cada tipo de viagem!\u200b<\/p>\n","protected":false},"excerpt":{"rendered":"<p>\u00c9 essencial contar com uma seguran\u00e7a adicional nas viagens. Seja a lazer, neg\u00f3cios, estudos, aventura, cruzeiros ou demais finalidades, temos seguros que oferecem amplas coberturas de assist\u00eancia. Com atendimento 24 horas todos os dias do ano, somos capazes de atender \u00e0s mais diversas eventualidades para proporcionar uma viagem mais segura&hellip;<\/p>\n","protected":false},"author":1,"featured_media":0,"parent":0,"menu_order":0,"comment_status":"closed","ping_status":"closed","template":"","meta":{"footnotes":""},"class_list":["post-84","page","type-page","status-publish","hentry"],"_links":{"self":[{"href":"https:\/\/globalmundi.com.br\/index.php\/wp-json\/wp\/v2\/pages\/84","targetHints":{"allow":["GET"]}}],"collection":[{"href":"https:\/\/globalmundi.com.br\/index.php\/wp-json\/wp\/v2\/pages"}],"about":[{"href":"https:\/\/globalmundi.com.br\/index.php\/wp-json\/wp\/v2\/types\/page"}],"author":[{"embeddable":true,"href":"https:\/\/globalmundi.com.br\/index.php\/wp-json\/wp\/v2\/users\/1"}],"replies":[{"embeddable":true,"href":"https:\/\/globalmundi.com.br\/index.php\/wp-json\/wp\/v2\/comments?post=84"}],"version-history":[{"count":2,"href":"https:\/\/globalmundi.com.br\/index.php\/wp-json\/wp\/v2\/pages\/84\/revisions"}],"predecessor-version":[{"id":172,"href":"https:\/\/globalmundi.com.br\/index.php\/wp-json\/wp\/v2\/pages\/84\/revisions\/172"}],"wp:attachment":[{"href":"https:\/\/globalmundi.com.br\/index.php\/wp-json\/wp\/v2\/media?parent=84"}],"curies":[{"name":"wp","href":"https:\/\/api.w.org\/{rel}","templated":true}]}}