{"id":83,"date":"2020-05-07T00:29:28","date_gmt":"2020-05-07T00:29:28","guid":{"rendered":"http:\/\/globalmundi.com.br\/?page_id=83"},"modified":"2020-05-12T15:55:25","modified_gmt":"2020-05-12T15:55:25","slug":"cruzeiros-maritimos","status":"publish","type":"page","link":"https:\/\/globalmundi.com.br\/index.php\/cruzeiros-maritimos\/","title":{"rendered":"Cruzeiros Mar\u00edtimos"},"content":{"rendered":"\n<p>Com sa\u00eddas de v\u00e1rias cidades da costa brasileira, para dentro e fora do pa\u00eds, a Global Mundi tem navios com sa\u00eddas de Novembro a Mar\u00e7o. Piscinas, saunas, academias, restaurantes, teatros, salas de reuni\u00e3o, bibliotecas, cassinos e spas s\u00e3o algumas das op\u00e7\u00f5es que tornam as viagens completas e inesquec\u00edveis. Cruzeiros s\u00e3o op\u00e7\u00f5es de entretenimento e cultura voltados para atender desde fam\u00edlias em f\u00e9rias, a grupo de amigos e empresas que desejam realizar eventos corporativos e de incentivo. As sa\u00eddas especiais oferecem op\u00e7\u00f5es tem\u00e1ticas, com foco em sa\u00fade, alimenta\u00e7\u00e3o direcionada, dan\u00e7a ou shows de artistas famosos. Al\u00e9m disto, as sa\u00eddas durante o R\u00e9veillon e Carnaval s\u00e3o boas alternativas para quem deseja aproveitar as f\u00e9rias com toda infraestrutura de imensos navios.<\/p>\n\n\n\n<p>Fa\u00e7a agora conosco um or\u00e7amento das sa\u00eddas dispon\u00edveis!<\/p>\n","protected":false},"excerpt":{"rendered":"<p>Com sa\u00eddas de v\u00e1rias cidades da costa brasileira, para dentro e fora do pa\u00eds, a Global Mundi tem navios com sa\u00eddas de Novembro a Mar\u00e7o. Piscinas, saunas, academias, restaurantes, teatros, salas de reuni\u00e3o, bibliotecas, cassinos e spas s\u00e3o algumas das op\u00e7\u00f5es que tornam as viagens completas e inesquec\u00edveis. Cruzeiros s\u00e3o&hellip;<\/p>\n","protected":false},"author":1,"featured_media":0,"parent":0,"menu_order":0,"comment_status":"closed","ping_status":"closed","template":"","meta":{"footnotes":""},"class_list":["post-83","page","type-page","status-publish","hentry"],"_links":{"self":[{"href":"https:\/\/globalmundi.com.br\/index.php\/wp-json\/wp\/v2\/pages\/83","targetHints":{"allow":["GET"]}}],"collection":[{"href":"https:\/\/globalmundi.com.br\/index.php\/wp-json\/wp\/v2\/pages"}],"about":[{"href":"https:\/\/globalmundi.com.br\/index.php\/wp-json\/wp\/v2\/types\/page"}],"author":[{"embeddable":true,"href":"https:\/\/globalmundi.com.br\/index.php\/wp-json\/wp\/v2\/users\/1"}],"replies":[{"embeddable":true,"href":"https:\/\/globalmundi.com.br\/index.php\/wp-json\/wp\/v2\/comments?post=83"}],"version-history":[{"count":2,"href":"https:\/\/globalmundi.com.br\/index.php\/wp-json\/wp\/v2\/pages\/83\/revisions"}],"predecessor-version":[{"id":171,"href":"https:\/\/globalmundi.com.br\/index.php\/wp-json\/wp\/v2\/pages\/83\/revisions\/171"}],"wp:attachment":[{"href":"https:\/\/globalmundi.com.br\/index.php\/wp-json\/wp\/v2\/media?parent=83"}],"curies":[{"name":"wp","href":"https:\/\/api.w.org\/{rel}","templated":true}]}}