{"id":78,"date":"2020-05-07T00:29:28","date_gmt":"2020-05-07T00:29:28","guid":{"rendered":"http:\/\/globalmundi.com.br\/?page_id=78"},"modified":"2020-05-12T15:54:55","modified_gmt":"2020-05-12T15:54:55","slug":"hospedagem","status":"publish","type":"page","link":"https:\/\/globalmundi.com.br\/index.php\/hospedagem\/","title":{"rendered":"Hot\u00e9is e Pousadas"},"content":{"rendered":"\n<p>Atrav\u00e9s de acordos comerciais junto aos hot\u00e9is em todo o pa\u00eds, a Global Mundi oferece in\u00fameras op\u00e7\u00f5es com as melhores condi\u00e7\u00f5es para um atendimento de excel\u00eancia junto aos nossos clientes.<\/p>\n\n\n\n<p>Atendemos a medida de acordo com o gosto do cliente com op\u00e7\u00f5es em lugares \u00fanicos desde acomoda\u00e7\u00f5es r\u00fasticas a de alto padr\u00e3o, de acordo com a necessidade de cada solicita\u00e7\u00e3o.<\/p>\n\n\n\n<p>Op\u00e7\u00f5es de meia pens\u00e3o, pens\u00e3o completa, all inclusive, aluguel de salas para reuni\u00f5es, reserva de sal\u00f5es para realiza\u00e7\u00e3o de eventos, aluguel de equipamentos audiovisuais, atividades de lazer e de incentivo, refei\u00e7\u00f5es privativas, entretenimento com cantores, bandas ou DJs, e diversas outras modalidades a Global Mundi pode aplicar como diferenciais em reservas individuais ou de grupos.<\/p>\n\n\n\n<p>Nossos allotments nos permitem oferecer reservas em diversos hot\u00e9is mesmo que n\u00e3o haja disponibilidade atrav\u00e9s de outros canais. Conte com a nossa equipe para oferecer a hospedagem mais adequada a necessidade de cada passageiro.<\/p>\n\n\n\n<p>Com profundo conhecimento do pa\u00eds e dos meios de hospedagem dispon\u00edveis, aguardamos seu contato agora mesmo para enviarmos nossos or\u00e7amentos a medida.\u200b<\/p>\n","protected":false},"excerpt":{"rendered":"<p>Atrav\u00e9s de acordos comerciais junto aos hot\u00e9is em todo o pa\u00eds, a Global Mundi oferece in\u00fameras op\u00e7\u00f5es com as melhores condi\u00e7\u00f5es para um atendimento de excel\u00eancia junto aos nossos clientes. Atendemos a medida de acordo com o gosto do cliente com op\u00e7\u00f5es em lugares \u00fanicos desde acomoda\u00e7\u00f5es r\u00fasticas a de&hellip;<\/p>\n","protected":false},"author":1,"featured_media":150,"parent":0,"menu_order":0,"comment_status":"closed","ping_status":"closed","template":"","meta":{"footnotes":""},"class_list":["post-78","page","type-page","status-publish","has-post-thumbnail","hentry"],"_links":{"self":[{"href":"https:\/\/globalmundi.com.br\/index.php\/wp-json\/wp\/v2\/pages\/78","targetHints":{"allow":["GET"]}}],"collection":[{"href":"https:\/\/globalmundi.com.br\/index.php\/wp-json\/wp\/v2\/pages"}],"about":[{"href":"https:\/\/globalmundi.com.br\/index.php\/wp-json\/wp\/v2\/types\/page"}],"author":[{"embeddable":true,"href":"https:\/\/globalmundi.com.br\/index.php\/wp-json\/wp\/v2\/users\/1"}],"replies":[{"embeddable":true,"href":"https:\/\/globalmundi.com.br\/index.php\/wp-json\/wp\/v2\/comments?post=78"}],"version-history":[{"count":5,"href":"https:\/\/globalmundi.com.br\/index.php\/wp-json\/wp\/v2\/pages\/78\/revisions"}],"predecessor-version":[{"id":170,"href":"https:\/\/globalmundi.com.br\/index.php\/wp-json\/wp\/v2\/pages\/78\/revisions\/170"}],"wp:featuredmedia":[{"embeddable":true,"href":"https:\/\/globalmundi.com.br\/index.php\/wp-json\/wp\/v2\/media\/150"}],"wp:attachment":[{"href":"https:\/\/globalmundi.com.br\/index.php\/wp-json\/wp\/v2\/media?parent=78"}],"curies":[{"name":"wp","href":"https:\/\/api.w.org\/{rel}","templated":true}]}}