{"id":77,"date":"2020-05-07T00:29:28","date_gmt":"2020-05-07T00:29:28","guid":{"rendered":"http:\/\/globalmundi.com.br\/?page_id=77"},"modified":"2020-05-12T15:54:09","modified_gmt":"2020-05-12T15:54:09","slug":"transfers-tours","status":"publish","type":"page","link":"https:\/\/globalmundi.com.br\/index.php\/transfers-tours\/","title":{"rendered":"Transfers &#038; Tours"},"content":{"rendered":"\n<p>Temos uma capacitada equipe de motoristas e guias para acompanhar todos os passageiros com muita seguran\u00e7a e informa\u00e7\u00e3o.<\/p>\n\n\n\n<p>Nossas op\u00e7\u00f5es de transporte v\u00e3o desde carros executivos e de luxo at\u00e9 vans, \u00f4nibus, helic\u00f3pteros, jatos fretados, embarca\u00e7\u00f5es e jeeps ecol\u00f3gicos, tudo visando contribuir para uma viagem especial aos passageiros que viajam conosco.<\/p>\n\n\n\n<p>Oferecemos tamb\u00e9m a op\u00e7\u00e3o de ve\u00edculos blindados de acordo com a necessidade do cliente. &nbsp;<\/p>\n\n\n\n<p>A seguran\u00e7a de ser recebido nos aeroportos e conduzido pelas cidades at\u00e9 cada destino, o acompanhamento de guias credenciados no Minist\u00e9rio do Turismo, a experi\u00eancia nos trajetos mais interessantes ou mais r\u00e1pidos, o vasto conhecimento dos atrativos tur\u00edsticos e da hist\u00f3ria local s\u00e3o alguns dos fatores que destacam os nossos servi\u00e7os.<\/p>\n\n\n\n<p>Al\u00e9m disto, oferecemos tamb\u00e9m roteiros especiais em algumas cidades, como, por exemplo, traslado em ve\u00edculo 4&#215;4 pela praia, trajetos em jeep aberto, passeios de buggy e diversos outras modalidades que tornam das viagens momentos inusitados e inesquec\u00edveis.<\/p>\n","protected":false},"excerpt":{"rendered":"<p>Temos uma capacitada equipe de motoristas e guias para acompanhar todos os passageiros com muita seguran\u00e7a e informa\u00e7\u00e3o. Nossas op\u00e7\u00f5es de transporte v\u00e3o desde carros executivos e de luxo at\u00e9 vans, \u00f4nibus, helic\u00f3pteros, jatos fretados, embarca\u00e7\u00f5es e jeeps ecol\u00f3gicos, tudo visando contribuir para uma viagem especial aos passageiros que viajam&hellip;<\/p>\n","protected":false},"author":1,"featured_media":151,"parent":0,"menu_order":0,"comment_status":"closed","ping_status":"closed","template":"","meta":{"footnotes":""},"class_list":["post-77","page","type-page","status-publish","has-post-thumbnail","hentry"],"_links":{"self":[{"href":"https:\/\/globalmundi.com.br\/index.php\/wp-json\/wp\/v2\/pages\/77","targetHints":{"allow":["GET"]}}],"collection":[{"href":"https:\/\/globalmundi.com.br\/index.php\/wp-json\/wp\/v2\/pages"}],"about":[{"href":"https:\/\/globalmundi.com.br\/index.php\/wp-json\/wp\/v2\/types\/page"}],"author":[{"embeddable":true,"href":"https:\/\/globalmundi.com.br\/index.php\/wp-json\/wp\/v2\/users\/1"}],"replies":[{"embeddable":true,"href":"https:\/\/globalmundi.com.br\/index.php\/wp-json\/wp\/v2\/comments?post=77"}],"version-history":[{"count":3,"href":"https:\/\/globalmundi.com.br\/index.php\/wp-json\/wp\/v2\/pages\/77\/revisions"}],"predecessor-version":[{"id":169,"href":"https:\/\/globalmundi.com.br\/index.php\/wp-json\/wp\/v2\/pages\/77\/revisions\/169"}],"wp:featuredmedia":[{"embeddable":true,"href":"https:\/\/globalmundi.com.br\/index.php\/wp-json\/wp\/v2\/media\/151"}],"wp:attachment":[{"href":"https:\/\/globalmundi.com.br\/index.php\/wp-json\/wp\/v2\/media?parent=77"}],"curies":[{"name":"wp","href":"https:\/\/api.w.org\/{rel}","templated":true}]}}