{"id":7,"date":"2020-05-06T03:04:51","date_gmt":"2020-05-06T03:04:51","guid":{"rendered":"http:\/\/globalmundi.com.br\/?page_id=7"},"modified":"2020-05-12T17:18:43","modified_gmt":"2020-05-12T17:18:43","slug":"about","status":"publish","type":"page","link":"https:\/\/globalmundi.com.br\/index.php\/about\/","title":{"rendered":"Sobre a Empresa"},"content":{"rendered":"\n<p>Com mais de 20 anos de experi\u00eancia como operadora de receptivo, a Global Mundi oferece servi\u00e7os a medida em todo o territ\u00f3rio brasileiro, atendendo com excel\u00eancia nas viagens individuas e de grupos, nos segmentos de luxo, \u00a0lazer, cultura, religi\u00e3o, neg\u00f3cios, eventos, incentivo e ecol\u00f3gico.<\/p>\n\n\n\n<p>Providenciamos toda a gama de servi\u00e7os tur\u00edsticos no Brasil, nomeadamente reservas de hotel, de cruzeiros, transfers privados e regulares , transfers em avi\u00f5es , helic\u00f3pteros, veiculos blindados, aluguel de ve\u00edculos e passagens a\u00e9reas.<\/p>\n\n\n\n<p>Nossa equipe est\u00e1 aguardando o seu contato!<\/p>\n","protected":false},"excerpt":{"rendered":"<p>Com mais de 20 anos de experi\u00eancia como operadora de receptivo, a Global Mundi oferece servi\u00e7os a medida em todo o territ\u00f3rio brasileiro, atendendo com excel\u00eancia nas viagens individuas e de grupos, nos segmentos de luxo, \u00a0lazer, cultura, religi\u00e3o, neg\u00f3cios, eventos, incentivo e ecol\u00f3gico. Providenciamos toda a gama de servi\u00e7os&hellip;<\/p>\n","protected":false},"author":1,"featured_media":0,"parent":0,"menu_order":0,"comment_status":"closed","ping_status":"closed","template":"","meta":{"footnotes":""},"class_list":["post-7","page","type-page","status-publish","hentry"],"_links":{"self":[{"href":"https:\/\/globalmundi.com.br\/index.php\/wp-json\/wp\/v2\/pages\/7","targetHints":{"allow":["GET"]}}],"collection":[{"href":"https:\/\/globalmundi.com.br\/index.php\/wp-json\/wp\/v2\/pages"}],"about":[{"href":"https:\/\/globalmundi.com.br\/index.php\/wp-json\/wp\/v2\/types\/page"}],"author":[{"embeddable":true,"href":"https:\/\/globalmundi.com.br\/index.php\/wp-json\/wp\/v2\/users\/1"}],"replies":[{"embeddable":true,"href":"https:\/\/globalmundi.com.br\/index.php\/wp-json\/wp\/v2\/comments?post=7"}],"version-history":[{"count":3,"href":"https:\/\/globalmundi.com.br\/index.php\/wp-json\/wp\/v2\/pages\/7\/revisions"}],"predecessor-version":[{"id":183,"href":"https:\/\/globalmundi.com.br\/index.php\/wp-json\/wp\/v2\/pages\/7\/revisions\/183"}],"wp:attachment":[{"href":"https:\/\/globalmundi.com.br\/index.php\/wp-json\/wp\/v2\/media?parent=7"}],"curies":[{"name":"wp","href":"https:\/\/api.w.org\/{rel}","templated":true}]}}